{"id":65,"date":"2015-12-07T13:18:53","date_gmt":"2015-12-07T11:18:53","guid":{"rendered":"http:\/\/www.galahad.de\/2k_wp\/?page_id=65"},"modified":"2026-02-19T17:13:45","modified_gmt":"2026-02-19T15:13:45","slug":"2k-ueber-uns","status":"publish","type":"page","link":"https:\/\/www.2kpromotion.de\/2k_wp\/","title":{"rendered":"Home"},"content":{"rendered":"<p>Als zuverl\u00e4ssiger Partner f\u00fcr kreative Werbel\u00f6sungen unterst\u00fctzen wir Unternehmen dabei, ihre Marke sichtbar und erlebbar zu machen. Unsere Werbemittel verbinden Qualit\u00e4t, Funktionalit\u00e4t und Design \u2013 individuell abgestimmt auf Ihre Zielgruppe und Ihren Markenauftritt.<\/p>\n<p>Mit langj\u00e4hriger Erfahrung in der Werbemittelbranche bieten wir ma\u00dfgeschneiderte L\u00f6sungen.<\/p>\n<p>Von klassischen Give-aways wie Kugelschreibern und Tassen bis hin zu hochwertigen Premiumartikeln und nachhaltigen Werbemitteln \u2013 wir veredeln Ihre Produkte mit modernsten Druck- und Gravurtechniken.<\/p>\n","protected":false},"excerpt":{"rendered":"<p>Als zuverl\u00e4ssiger Partner f\u00fcr kreative Werbel\u00f6sungen unterst\u00fctzen wir Unternehmen dabei, ihre Marke sichtbar und erlebbar zu machen. Unsere Werbemittel verbinden Qualit\u00e4t, Funktionalit\u00e4t und Design \u2013 individuell abgestimmt auf Ihre Zielgruppe und Ihren Markenauftritt. Mit langj\u00e4hriger Erfahrung in der Werbemittelbranche bieten wir ma\u00dfgeschneiderte L\u00f6sungen. Von klassischen Give-aways wie Kugelschreibern und Tassen bis hin zu hochwertigen Premiumartikeln [&hellip;]<\/p>\n","protected":false},"author":1,"featured_media":0,"parent":0,"menu_order":0,"comment_status":"closed","ping_status":"closed","template":"","meta":{"footnotes":""},"class_list":["post-65","page","type-page","status-publish","hentry"],"_links":{"self":[{"href":"https:\/\/www.2kpromotion.de\/2k_wp\/index.php?rest_route=\/wp\/v2\/pages\/65","targetHints":{"allow":["GET"]}}],"collection":[{"href":"https:\/\/www.2kpromotion.de\/2k_wp\/index.php?rest_route=\/wp\/v2\/pages"}],"about":[{"href":"https:\/\/www.2kpromotion.de\/2k_wp\/index.php?rest_route=\/wp\/v2\/types\/page"}],"author":[{"embeddable":true,"href":"https:\/\/www.2kpromotion.de\/2k_wp\/index.php?rest_route=\/wp\/v2\/users\/1"}],"replies":[{"embeddable":true,"href":"https:\/\/www.2kpromotion.de\/2k_wp\/index.php?rest_route=%2Fwp%2Fv2%2Fcomments&post=65"}],"version-history":[{"count":5,"href":"https:\/\/www.2kpromotion.de\/2k_wp\/index.php?rest_route=\/wp\/v2\/pages\/65\/revisions"}],"predecessor-version":[{"id":443,"href":"https:\/\/www.2kpromotion.de\/2k_wp\/index.php?rest_route=\/wp\/v2\/pages\/65\/revisions\/443"}],"wp:attachment":[{"href":"https:\/\/www.2kpromotion.de\/2k_wp\/index.php?rest_route=%2Fwp%2Fv2%2Fmedia&parent=65"}],"curies":[{"name":"wp","href":"https:\/\/api.w.org\/{rel}","templated":true}]}}