{"id":98,"date":"2015-12-08T09:54:49","date_gmt":"2015-12-08T07:54:49","guid":{"rendered":"http:\/\/www.galahad.de\/2k_wp\/?page_id=98"},"modified":"2016-05-02T16:29:33","modified_gmt":"2016-05-02T14:29:33","slug":"agb","status":"publish","type":"page","link":"https:\/\/www.2kpromotion.de\/2k_wp\/?page_id=98","title":{"rendered":"AGB"},"content":{"rendered":"<p><strong>Verkaufs- und Lieferbedingungen <\/strong><\/p>\n<p><strong>1. Allgemeines <\/strong><\/p>\n<p>F\u00fcr alle unsere Verk\u00e4ufe und Dienstleistungen gelten ausschlie\u00dflich unsere nachstehenden Bedingungen. Anderslautende Bedingungen unserer Vertragspartner, die von uns nicht ausdr\u00fccklich schriftlich anerkannt worden sind, haben f\u00fcr uns keine G\u00fcltigkeit. Sp\u00e4testens mit der Entgegennahme der Ware oder Leistung gelten unsere Bedingungen als angenommen.<\/p>\n<p><strong>2. Angebote und Vertragsabschlu\u00df<\/strong><\/p>\n<p>Unsere Angebote haben \u2013 sofern deren G\u00fcltigkeit nicht von vornherein begrenzt ist \u2013 verkehrs\u00fcbliche Zeit G\u00fcltigkeit und sind freibleibend. Eingehende Bestellungen betrachten wir als Auftragsangebote. Sie werden erst durch unsere schriftliche oder fernschriftliche Best\u00e4tigung zum abgeschlossenen Vertrag. Erg\u00e4nzungen, Ab\u00e4nderungen oder Nebenabreden bed\u00fcrfen zu ihrer Rechtswirksamkeit ebenfalls unserer schriftlichen oder fernschriftlichen Best\u00e4tigung.<\/p>\n<p><strong>3. Preise<\/strong><\/p>\n<p>Alle Preise verstehen sich, soweit nicht schriftlich etwas anderes vereinbart ist, in Euro zuz\u00fcglich der jeweils gesetzlichen Mehrwertsteuer. Sie gelten ab Werk bzw. europ\u00e4ischem Importlager, zuz\u00fcglich Verpackungs- und Versandkosten an die vom K\u00e4ufer angegebene Lieferanschrift. Bei Lieferungen mit Werbeanbringung, die nicht im Werk vorgenommen wird, werden die Versandkosten ab Werk bzw. Importlager zu dem mit derAnbringung der Werbung beauftragten Unternehmen und von diesem an die vom K\u00e4ufer angegebene Lieferanschrift berechnet. Die dem K\u00e4ufer entstehenden Kosten f\u00fcr die Entsorgung und Verwertung der von uns gelieferten Transportverpackungen sind bei der Preisgestaltung ber\u00fccksichtigt und in unseren Preisen bereits enthalten.<\/p>\n<p><strong>4. Lieferung<\/strong><\/p>\n<p>Alle Lieferungen erfolgen auf Kosten und Gefahr des K\u00e4ufers. Die Gefahr geht auch dann mit Verlassen des Lieferwerks oder Importlagers auf den K\u00e4ufer \u00fcber, wenn frachtfreie Lieferung vereinbart ist. Falls der Versand durch Verschulden des K\u00e4ufers unm\u00f6glich wird, geht die Gefahr mit der Meldung der Versandbereitschaft auf den K\u00e4ufer \u00fcber. Eine Transportversicherung wird von uns nicht abgeschlossen. Soweit nicht ausdr\u00fccklich Gegenteiliges vereinbart ist, sind wir zu Teillieferungen berechtigt. Diese werden auch als Teillieferungen berechnet. Lieferfristen beginnen mit dem Tag der Auftragsbest\u00e4tigung bzw. dem Tag der Auftragsklarstellung. Das setzt voraus, dass die vom K\u00e4ufer anzuliefernden Unterlagen vorliegen und die Produktionsfreigaben rechtzeitig erteilt werden. Lieferfristen gelten f\u00fcr den Versandtermin ab Werk, ab Importlager bzw. ab dem mit der Anbringung der Werbung beauftragten Unternehmen. Fixtermine schlie\u00dfen wir aus. Die Lieferfrist verl\u00e4ngert sich in angemessener Weise, wenn wir durch h\u00f6here Gewalt, Arbeitskampfma\u00dfnahmen oder sonstige unvorhergesehene Ereignisse, die trotz der ver-n\u00fcnftigerweise zu erwartenden Vorsichtsma\u00dfnahmen nicht vermieden werden konnten \u2013 gleich ob in unserem Betrieb oder bei unseren Vorlieferanten und Vertragspartnern eingetreten \u2013 wie Betriebsst\u00f6rungen, Rohstoffmangel, Laderaummangel, Energiemangel oder beh\u00f6rdliche Eingriffe, an der Erf\u00fcllung unserer Lieferpflicht gehindert werden. Wird die Lieferung oder Leistung durch unser Verschulden versp\u00e4tet ausgeliefert und erleidet der K\u00e4ufer dadurch einen Schaden, sind Schadensersatzanspr\u00fcche wegen Nichterf\u00fcllung ausgeschlossen, wenn nicht Vorsatz oder grobe Fahrl\u00e4ssigkeit bei uns vorliegen. Der K\u00e4ufer hat Anspruch auf eine Verzugsentsch\u00e4digung in H\u00f6he des nachgewiesenen Schadens, maximal jedoch 5 % des Werts desjenigen Teils der Lieferung, der wegen der Versp\u00e4tung nicht in zweckdienlichen Betrieb oder Gebrauch genommen werden konnte. Auch in F\u00e4llen, in denen eine Lieferung aus den in Absatz vier genannten Gr\u00fcnden unm\u00f6g-lich oder f\u00fcr uns unzumutbar wird, sind Schadenseratzanspr\u00fcche wegen Nichterf\u00fcllung ausgeschlossen, wenn nicht Vorsatz oder grobe Fahrl\u00e4ssigkeit bei uns vorliegen. In diesen F\u00e4llen sind wir berechtigt, vom Vertrag zur\u00fcckzutreten. Lieferungen erfolgen in der Regel st\u00fcckzahlgenau. Unsere Vorlieferanten behalten sich jedoch, besonders bei Artikeln mit Werbeanbringung, Mehr- oder Minderlieferungen von max. 10 % vor. Daher gilt auch f\u00fcr unsere Lieferungen die Vereinbarung, dass Mehr- oder Minderlieferungen von maximal 10 % zul\u00e4ssig und vom K\u00e4ufer zu akzeptieren sind. Treten nach Vertragsabschlu\u00df in den Verh\u00e4ltnissen des K\u00e4ufers Umst\u00e4nde ein, die eine Gew\u00e4hrung von Warenkredit nicht rechtfertigen, insbesondere Wechselproteste, Klagen, Zwangsvollstreckung, sind wir berechtigt, Vorauskasse zu verlangen oder vom Vertrag zur\u00fcckzutreten oder, falls die Lieferung bereits erfolgt ist, unter R\u00fcckforderung der Ware mit sofortiger Wirkung vom Vertrag zur\u00fcckzutreten.<\/p>\n<p><strong>5. Gew\u00e4hrleistung<\/strong><\/p>\n<p>Wir gew\u00e4hrleisten, dass die gelieferten Produkte frei von Material- und Fabrikationsm\u00e4ngeln sind. Bei Vorliegen von M\u00e4ngeln, wozu auch dasFehlen zugesicherter Eigenschaften geh\u00f6rt, die nachweisbar infolge eines vor dem Gefahren\u00fcbergang liegenden Umstandes eingetreten sind, leisten wir nach unserer Wahl Gew\u00e4hr durch Instandsetzung oder Ersatz der fehlerhaften Produkte oder Gutschrift f\u00fcr den entsprechenden Warenwert. Auf unseren Wunsch hin sind uns die fehlerhaften Produkte zur\u00fcckzusenden. Die Gew\u00e4hrleistungsfrist betr\u00e4gt 6 Monate und beginnt mit dem Lieferdatum. F\u00fcr Ersatzst\u00fccke oder Nachbesserungen betr\u00e4gt die Gew\u00e4hrleistungsfrist ebenfalls 6 Monate. Gew\u00e4hrleistungsanspr\u00fcche stehen nur dem K\u00e4ufer zu und sind nicht abtretbar. Eine R\u00fcge wegen unvollst\u00e4ndiger oder unrichtiger Lieferung oder offen zutage tretender M\u00e4ngel muss unverz\u00fcglich, sp\u00e4testens 8 Tage nach Empfang der Ware, schriftlich oder fernschriftlich bei uns eingehen. Besch\u00e4digte Sendungen sind dem \u00dcberbringer (Post, Paketdienst, Bahn, Frachtf\u00fchrer, Spediteur, usw.) zur Verf\u00fcgung zu stellen, da sonst kein Ersatzanspruch geltend gemacht werden kann. F\u00fcr Deckungsk\u00e4ufe, die der K\u00e4ufer ohne unser schriftliches Einverst\u00e4ndnis vornimmt, leisten wir keinen Ersatz.<\/p>\n<p><strong>6. Werbeanbringung<\/strong><\/p>\n<p>Unsere Preise verstehen sich, wenn nicht anders angegeben, f\u00fcr Ware ohne Werbeanbringung. Die Kosten f\u00fcr die Werbeanbringung und die daf\u00fcr erforderlichen Nebenkosten werden zus\u00e4tzlich berechnet. Dem Auftraggeber obliegt es, uns die erforderlichen Unterlagen f\u00fcr die Werbeanbringung rechtzeitig zur Verf\u00fcgung zu stellen. Bei nicht rechtzeitigem Vorliegen dieser Unterlagen verl\u00e4ngert sich die Lieferfrist in angemessener Weise. Wir behalten uns das Recht vor, wenn uns die erforderlichen Unterlagen nicht bis zum urspr\u00fcnglich vereinbarten Liefertermin zur Verf\u00fcgung stehen, die Ware in neutraler Ausf\u00fchrung (ohne Werbeanbringung) abzuliefern. Bei telefonisch aufgegebenen Werbetexten \u00fcbernehmen wir keine Gew\u00e4hr f\u00fcr die Richtigkeit des Textes. Das Risiko tr\u00e4gt der K\u00e4ufer. Wir empfehlen daher, Werbetexte schriftlich oder fernschriftlich aufzugeben.<\/p>\n<p><strong>7. Zahlung<\/strong><\/p>\n<p>Unsere Rechnungen sind zahlbar innerhalb 14 Tagen nach Rechnungsdatum netto ohne Abzug. Schecks werden nur erf\u00fcllungshalber angenommen und gelten erst nach erfolgter Einl\u00f6s-ung als Zahlung. Wechsel werden nur nach vorheriger schriftlicher Vereinbarung und vorbehaltlich der Diskontierung durch die Bank angenommen. Diskontspesen und Wechsel-steuer gehen zu Lasten des K\u00e4ufers. Auch Wechsel gelten erst nach erfolgter Einl\u00f6sung als Zahlung. Bei Zahlungsverzug berechnen wir Verzugszinsen in H\u00f6he von 5 % \u00fcber dem jeweiligen Diskontsatz der Deutschen Bundesbank. Die Geltendmachung weiteren Verzugsschadens bleibt vorbehalten. Zur\u00fcckbehaltung und Aufrechnung wegen irgendwelcher Gegenanspr\u00fcche einschlie\u00dflich Gew\u00e4hrleistungsanspr\u00fcche des K\u00e4ufers sind ausgeschlossen, es sei denn, die Gegenanspr\u00fcche sind anerkannt oder rechtskr\u00e4ftig festgestellt.<\/p>\n<p><strong>8. Eigentumsvorbehalt<\/strong><\/p>\n<p>Wir behalten uns das Eigentum an den von uns gelieferten Waren bis zur vollen Bezahlung aller zum Zeitpunkt der Lieferung bereits entstandenen offenen Forderungen aus der Gesch\u00e4ftsverbindung vor. Das gilt auch bis zur Einl\u00f6sung von Wechseln oder Schecks f\u00fcr derartige Forderungen. Der Besteller darf die gelieferten Waren und die aus ihrer Verarbeitung entstehenden Gegenst\u00e4nde nur im ordnungsgem\u00e4\u00dfen Gesch\u00e4ftsgang ver\u00e4u\u00dfern. Verpf\u00e4ndung oder Sicherungs\u00fcbereignung der Vorbehaltsware ist dem Besteller untersagt. Die Forderungen aus der Weiterver\u00e4u\u00dferung der Vorbehaltsware werden schon jetzt an uns abgetreten, und zwar gleich, ob die Ver\u00e4u\u00dferung ohne oder nach Verarbeitung oder nach Verbindung unserer Ware mit anderen, uns nicht geh\u00f6renden Sachen erfolgt. Wir nehmen die Abtretung an. Bei Ver\u00e4u\u00dferung der Vorbehaltsware nach Verarbeitung, Verbindung mit anderen, uns nicht geh\u00f6renden Waren oder zusammen mit anderen, uns nicht geh\u00f6renden Waren, gilt die Abtretung der Forderung in H\u00f6he unseres Rechnungswertes unserer Vorbehaltsware. Der Besteller ist erm\u00e4chtigt, die abgetretenen Forderungen so lange einzuziehen, wie er seinen Zahlungsverpflichtungen uns gegen\u00fcber ordnungsgem\u00e4\u00df nachkommt. Die Be- und Verarbeitung unserer Vorbehaltsware erfolgt f\u00fcr uns, ohne dass uns hieraus Verpflichtungen erwachsen. Wird die von uns gelieferte Vorbehaltsware mit in fremden Eigentum stehender Ware verarbeitet, verbunden oder vermischt, steht uns das Mitei-gentum an der neuen Sache oder dem vermischten Bestande in dem Bruchteil zu, der dem Wert unserer Ware im Verh\u00e4ltnis zum Wert der neuen Sache oder dem vermischten Bestande zum Zeitpunkt der Verarbeitung, Verbindung oder Vermischung entspricht. Erwirbt der Besteller kraft Gesetzes das Alleineigentum an der neuen Sache durch Verbindung oder Vermischung, sind wir uns mit ihm dar\u00fcber einig, dass er uns das Miteigentum an der neuen Sache zum Zeitpunkt der Verbindung oder Vermischung nach den Verh\u00e4ltnissen unseres Rechnungswertes der Vorbehaltsware zum Wert der entstandenen neuen Sache \u00fcbertr\u00e4gt und diese unentgeltlich f\u00fcr uns verwahrt. Bei Zahlungseinstellung, Beantragung oder Er\u00f6ffnung des Insolvenzverfahrens, eines ge-richtlichen oder au\u00dfergerichtlichen Vergleichsverfahren \u00fcber das Verm\u00f6gen des Bestellers, erl\u00f6schen das Recht zur Weiterver\u00e4u\u00dferung, zur Verwendung oder zum Einbau der Vorbehaltsware und zur Forderungseinziehung. \u00dcbersteigt der Wert der f\u00fcr uns bestehenden Sicherheiten unsere Forderungen insgesamt um mehr als 20 %, sind wir auf Verlangen des Bestellers verpflichtet, insoweit nach unserer Wahl entsprechende Sicherheiten freizugeben.<\/p>\n<p><strong>9. Erf\u00fcllungsort, Gerichtsstand, Abschlie\u00dfende Vereinbarungen<\/strong><\/p>\n<p>F\u00fcr diese Liefer- und Zahlungsbedingungen und die gesamten Rechtsbeziehungen zwischen Verk\u00e4ufer und K\u00e4ufer (Besteller) gilt das Recht der Bundesrepublik Deutschland. Soweit gesetzlich zul\u00e4ssig, ist Voerde ausschlie\u00dflicher Erf\u00fcllungsort. Gerichtsstand f\u00fcr alle sich aus dem Vertragsverh\u00e4ltnis unmittelbar oder mittelbar ergebenden Streitigkeiten ist das hiesige Amtsgericht. Sollte eine Bestimmung dieser Liefer- und Zahlungsbedingungen oder eine Bestimmung im Rahmen sonstiger Vereinbarungen unwirksam sein oder werden, so wird hiervon die Wirksamkeit aller sonstigen Bestimmungen oder Vereinbarungen nicht ber\u00fchrt.<\/p>\n<p>Stand 01.01.2007 KK\/vo<\/p>\n","protected":false},"excerpt":{"rendered":"<p>Verkaufs- und Lieferbedingungen 1. Allgemeines F\u00fcr alle unsere Verk\u00e4ufe und Dienstleistungen gelten ausschlie\u00dflich unsere nachstehenden Bedingungen. Anderslautende Bedingungen unserer Vertragspartner, die von uns nicht ausdr\u00fccklich schriftlich anerkannt worden sind, haben f\u00fcr uns keine G\u00fcltigkeit. Sp\u00e4testens mit der Entgegennahme der Ware oder Leistung gelten unsere Bedingungen als angenommen. 2. Angebote und Vertragsabschlu\u00df Unsere Angebote haben \u2013 [&hellip;]<\/p>\n","protected":false},"author":1,"featured_media":0,"parent":0,"menu_order":0,"comment_status":"closed","ping_status":"closed","template":"","meta":{"footnotes":""},"class_list":["post-98","page","type-page","status-publish","hentry"],"_links":{"self":[{"href":"https:\/\/www.2kpromotion.de\/2k_wp\/index.php?rest_route=\/wp\/v2\/pages\/98","targetHints":{"allow":["GET"]}}],"collection":[{"href":"https:\/\/www.2kpromotion.de\/2k_wp\/index.php?rest_route=\/wp\/v2\/pages"}],"about":[{"href":"https:\/\/www.2kpromotion.de\/2k_wp\/index.php?rest_route=\/wp\/v2\/types\/page"}],"author":[{"embeddable":true,"href":"https:\/\/www.2kpromotion.de\/2k_wp\/index.php?rest_route=\/wp\/v2\/users\/1"}],"replies":[{"embeddable":true,"href":"https:\/\/www.2kpromotion.de\/2k_wp\/index.php?rest_route=%2Fwp%2Fv2%2Fcomments&post=98"}],"version-history":[{"count":2,"href":"https:\/\/www.2kpromotion.de\/2k_wp\/index.php?rest_route=\/wp\/v2\/pages\/98\/revisions"}],"predecessor-version":[{"id":258,"href":"https:\/\/www.2kpromotion.de\/2k_wp\/index.php?rest_route=\/wp\/v2\/pages\/98\/revisions\/258"}],"wp:attachment":[{"href":"https:\/\/www.2kpromotion.de\/2k_wp\/index.php?rest_route=%2Fwp%2Fv2%2Fmedia&parent=98"}],"curies":[{"name":"wp","href":"https:\/\/api.w.org\/{rel}","templated":true}]}}